{"id":21,"date":"2023-09-16T20:49:46","date_gmt":"2023-09-16T18:49:46","guid":{"rendered":"https:\/\/www.infitgym.ch\/?page_id=21"},"modified":"2023-09-17T00:09:00","modified_gmt":"2023-09-16T22:09:00","slug":"concept","status":"publish","type":"page","link":"https:\/\/www.infitgym.ch\/index.php\/concept\/","title":{"rendered":"CONCEPT"},"content":{"rendered":"\n<div style=\"height:50px\" aria-hidden=\"true\" class=\"wp-block-spacer\"><\/div>\n\n\n\n<h2 class=\"wp-block-heading has-text-align-center\" style=\"font-style:normal;font-weight:300\">UN ATHL\u00c8TE A BESOIN D&#8217;ESPACE<\/h2>\n\n\n\n<h3 class=\"wp-block-heading has-text-align-center has-large-font-size\" style=\"font-style:normal;font-weight:100\">Le club de plus de 700 m\u00b2 d&#8217;espace adapt\u00e9 \u00e0 votre entra\u00eenement :<\/h3>\n\n\n\n<div class=\"wp-block-group has-black-color has-white-background-color has-text-color has-background is-nowrap is-layout-flex wp-container-core-group-is-layout-64989fb1 wp-block-group-is-layout-flex\">\n<p class=\"has-background wp-container-content-9cfa9a5a\" style=\"background-color:#c5c6c6;font-size:16px\">L&#8217;espace de musculation dispose d&#8217;appareils de musculation libre ou guid\u00e9e et d&#8217;halt\u00e8res.<\/p>\n\n\n\n<p class=\"has-white-color has-text-color has-background wp-container-content-9cfa9a5a\" style=\"background-color:#225f78;font-size:16px\">La zone de cardio-training est \u00e9quip\u00e9e de mat\u00e9riel connect\u00e9.<\/p>\n\n\n\n<p class=\"has-background wp-container-content-9cfa9a5a\" style=\"background-color:#c5c6c6;font-size:16px\">L&#8217;espace cross training est con\u00e7u pour les entra\u00eenements les plus intenses.<\/p>\n\n\n\n<p class=\"has-white-color has-text-color has-background wp-container-content-9cfa9a5a\" style=\"background-color:#225f78;font-size:16px\">Les salles de cours surveill\u00e9es vous permettent d&#8217;exceller en compagnie.<\/p>\n\n\n\n<p class=\"has-background wp-container-content-9cfa9a5a\" style=\"background-color:#c5c6c6;font-size:16px\">Notre fitness est con\u00e7u et adapt\u00e9 pour que vos entra\u00eenements soient vari\u00e9s et complets.<\/p>\n<\/div>\n\n\n\n<div style=\"height:30px\" aria-hidden=\"true\" class=\"wp-block-spacer\"><\/div>\n\n\n<div class=\"wp-block-image is-style-default\">\n<figure class=\"aligncenter size-large is-resized\"><img decoding=\"async\" src=\"http:\/\/www.infitgym.ch\/wp-content\/uploads\/2023\/09\/IMG20230907204104-1024x768.jpg\" alt=\"\" class=\"wp-image-55\" style=\"aspect-ratio:16\/9;object-fit:cover;width:1320px\" width=\"1320\" srcset=\"https:\/\/www.infitgym.ch\/wp-content\/uploads\/2023\/09\/IMG20230907204104-1024x768.jpg 1024w, https:\/\/www.infitgym.ch\/wp-content\/uploads\/2023\/09\/IMG20230907204104-300x225.jpg 300w, https:\/\/www.infitgym.ch\/wp-content\/uploads\/2023\/09\/IMG20230907204104-768x576.jpg 768w, https:\/\/www.infitgym.ch\/wp-content\/uploads\/2023\/09\/IMG20230907204104-1536x1152.jpg 1536w, https:\/\/www.infitgym.ch\/wp-content\/uploads\/2023\/09\/IMG20230907204104-2048x1536.jpg 2048w, https:\/\/www.infitgym.ch\/wp-content\/uploads\/2023\/09\/IMG20230907204104-1440x1080.jpg 1440w\" sizes=\"(max-width: 1024px) 100vw, 1024px\" \/><\/figure>\n<\/div>\n\n\n<div style=\"height:100px\" aria-hidden=\"true\" class=\"wp-block-spacer\"><\/div>\n\n\n\n<h2 class=\"wp-block-heading has-text-align-center\">UN ATHL\u00c8TE A BESOIN DE FLEXIBILIT\u00c9<\/h2>\n\n\n\n<p class=\"has-medium-font-size\">InFIT est une salle de sport haut de gamme \u00e0 un prix abordable et tr\u00e8s comp\u00e9titif. En rejoignant notre club, vous b\u00e9n\u00e9ficiez d&#8217;un abonnement \u00e0 la salle de sport pour seulement CHF 49.90 par mois, soit moins d&#8217;CHF 1.65 par jour.<\/p>\n\n\n\n<p class=\"has-medium-font-size\">De plus, vous aurez acc\u00e8s \u00e0 votre club de 6h \u00e0 1h du matin, 24h\/24, 7j\/7, 365 jours par an, pour vous entra\u00eener, vous d\u00e9passer et atteindre vos objectifs sans limites.<\/p>\n\n\n\n<div style=\"height:100px\" aria-hidden=\"true\" class=\"wp-block-spacer\"><\/div>\n\n\n\n<div class=\"wp-block-media-text is-stacked-on-mobile\" style=\"grid-template-columns:40% auto\"><figure class=\"wp-block-media-text__media\"><img loading=\"lazy\" decoding=\"async\" width=\"692\" height=\"1024\" src=\"http:\/\/www.infitgym.ch\/wp-content\/uploads\/2023\/09\/Spinning-sans-fond-692x1024.png\" alt=\"\" class=\"wp-image-60 size-full\" srcset=\"https:\/\/www.infitgym.ch\/wp-content\/uploads\/2023\/09\/Spinning-sans-fond-692x1024.png 692w, https:\/\/www.infitgym.ch\/wp-content\/uploads\/2023\/09\/Spinning-sans-fond-203x300.png 203w, https:\/\/www.infitgym.ch\/wp-content\/uploads\/2023\/09\/Spinning-sans-fond-768x1137.png 768w, https:\/\/www.infitgym.ch\/wp-content\/uploads\/2023\/09\/Spinning-sans-fond-1037x1536.png 1037w, https:\/\/www.infitgym.ch\/wp-content\/uploads\/2023\/09\/Spinning-sans-fond-1383x2048.png 1383w, https:\/\/www.infitgym.ch\/wp-content\/uploads\/2023\/09\/Spinning-sans-fond-1024x1516.png 1024w, https:\/\/www.infitgym.ch\/wp-content\/uploads\/2023\/09\/Spinning-sans-fond-729x1080.png 729w, https:\/\/www.infitgym.ch\/wp-content\/uploads\/2023\/09\/Spinning-sans-fond.png 1500w\" sizes=\"auto, (max-width: 692px) 100vw, 692px\" \/><\/figure><div class=\"wp-block-media-text__content\">\n<h1 class=\"wp-block-heading has-text-align-center\" style=\"font-style:normal;font-weight:100;text-transform:uppercase\">UN ATHL\u00c8TE A BESOIN DU MEILLEUR \u00c9QUIPEMENT<\/h1>\n\n\n\n<p class=\"has-medium-font-size\">Pour vous aider \u00e0 exceller \u00e0 chaque s\u00e9ance, notre club est \u00e9quip\u00e9 d&#8217;un mat\u00e9riel de qualit\u00e9 \u00e0 la pointe de la technologie. Nous s\u00e9lectionnons avec soin nos fournisseurs de mat\u00e9riel afin que vous puissiez vous entra\u00eener comme un v\u00e9ritable athl\u00e8te d&#8217;\u00e9lite avec les derni\u00e8res nouveaut\u00e9s de MATRIX ou encore de FIT\u2019n Rack. Les cours cr\u00e9\u00e9s par Z\u2019Fitness vous feront transpirer et vivre une exp\u00e9rience d&#8217;entra\u00eenement inoubliable.<\/p>\n<\/div><\/div>\n\n\n\n<div style=\"height:40px\" aria-hidden=\"true\" class=\"wp-block-spacer\"><\/div>\n\n\n\n<h3 class=\"wp-block-heading has-text-align-center has-large-font-size\" style=\"font-style:normal;font-weight:100\">NOUS NE TRAVAILLONS QU&#8217;AVEC LES MEILLEURS POUR ENTRAINER LES MEILLEURS<\/h3>\n\n\n\n<p><\/p>\n","protected":false},"excerpt":{"rendered":"<p>UN ATHL\u00c8TE A BESOIN D&#8217;ESPACE Le club de plus de 700 m\u00b2 d&#8217;espace adapt\u00e9 \u00e0 votre entra\u00eenement : L&#8217;espace de musculation dispose d&#8217;appareils de musculation libre ou guid\u00e9e et d&#8217;halt\u00e8res. La zone de cardio-training est \u00e9quip\u00e9e de mat\u00e9riel connect\u00e9. L&#8217;espace cross training est con\u00e7u pour les entra\u00eenements les plus intenses. Les salles de cours surveill\u00e9es&hellip; <br \/> <a class=\"button small blue\" href=\"https:\/\/www.infitgym.ch\/index.php\/concept\/\">Read more<\/a><\/p>\n","protected":false},"author":1,"featured_media":0,"parent":0,"menu_order":0,"comment_status":"closed","ping_status":"closed","template":"","meta":{"footnotes":""},"class_list":["post-21","page","type-page","status-publish","hentry"],"_links":{"self":[{"href":"https:\/\/www.infitgym.ch\/index.php\/wp-json\/wp\/v2\/pages\/21","targetHints":{"allow":["GET"]}}],"collection":[{"href":"https:\/\/www.infitgym.ch\/index.php\/wp-json\/wp\/v2\/pages"}],"about":[{"href":"https:\/\/www.infitgym.ch\/index.php\/wp-json\/wp\/v2\/types\/page"}],"author":[{"embeddable":true,"href":"https:\/\/www.infitgym.ch\/index.php\/wp-json\/wp\/v2\/users\/1"}],"replies":[{"embeddable":true,"href":"https:\/\/www.infitgym.ch\/index.php\/wp-json\/wp\/v2\/comments?post=21"}],"version-history":[{"count":42,"href":"https:\/\/www.infitgym.ch\/index.php\/wp-json\/wp\/v2\/pages\/21\/revisions"}],"predecessor-version":[{"id":133,"href":"https:\/\/www.infitgym.ch\/index.php\/wp-json\/wp\/v2\/pages\/21\/revisions\/133"}],"wp:attachment":[{"href":"https:\/\/www.infitgym.ch\/index.php\/wp-json\/wp\/v2\/media?parent=21"}],"curies":[{"name":"wp","href":"https:\/\/api.w.org\/{rel}","templated":true}]}}