{"id":25,"date":"2023-09-16T20:50:16","date_gmt":"2023-09-16T18:50:16","guid":{"rendered":"https:\/\/www.infitgym.ch\/?page_id=25"},"modified":"2023-09-28T23:44:08","modified_gmt":"2023-09-28T21:44:08","slug":"le-club-infit-epfl","status":"publish","type":"page","link":"https:\/\/www.infitgym.ch\/index.php\/le-club-infit-epfl\/","title":{"rendered":"LE CLUB INFIT EPFL"},"content":{"rendered":"\n<div class=\"wp-block-columns is-layout-flex wp-container-core-columns-is-layout-9d6595d7 wp-block-columns-is-layout-flex\">\n<div class=\"wp-block-column is-layout-flow wp-block-column-is-layout-flow\">\n<p class=\"has-medium-font-size\"><strong>Bienvenue au centre du SwissTech Village le c\u0153ur du campus de l\u2019EPFL, l\u2019une des plus prestigieuses universit\u00e9s technologiques du monde.<\/strong><\/p>\n\n\n\n<p class=\"has-medium-font-size\">InFit vous propose un propose de plus de 700m2 dernier tout confort et dernier cri.<\/p>\n\n\n\n<p class=\"has-medium-font-size\">Des vestiaires individuels, une zone cardio connect\u00e9e, 4 salles de cours individuels \u00e0 la demande, des machines de musculation guid\u00e9es et une zone de CrossTraining aux box flambant neuves.<\/p>\n\n\n\n<p class=\"has-medium-font-size\">Notre salle de Fitness est situ\u00e9e juste en bas de l\u2019arr\u00eat du m\u00e9tro EPFL (ligne M1) pour un acc\u00e8s facile.<\/p>\n\n\n\n<p class=\"has-medium-font-size\">Une fois votre entrainement termin\u00e9, vous trouverez facilement de quoi vous restaurer ou partager un verre entre amis.<\/p>\n\n\n\n<p class=\"has-medium-font-size\">La r\u00e9ception est ouverte pour vous accueillir en semaine de 9h30 \u00e0 21h00 et le dimanche de 10h \u00e0 12h00. Mais rassurez-vous, une fois membre vous aurez acc\u00e8s \u00e0 la salle 365j\/an de 05h00 jusqu\u2019\u00e0 00h00 tous les jours de l\u2019ann\u00e9e&nbsp;!<\/p>\n\n\n\n<p class=\"has-medium-font-size\">N\u2019attendez plus prenez d\u00e8s maintenant rendez-vous pour visiter la salle et commencer \u00e0 vous remettre en forme&nbsp;!<\/p>\n<\/div>\n\n\n\n<div class=\"wp-block-column is-layout-flow wp-block-column-is-layout-flow\"><div class=\"wp-block-image\">\n<figure class=\"aligncenter size-large is-resized\"><img decoding=\"async\" src=\"http:\/\/www.infitgym.ch\/wp-content\/uploads\/2023\/09\/banderole-1024x91.png\" alt=\"\" class=\"wp-image-159\" style=\"width:600px\" width=\"600\" srcset=\"https:\/\/www.infitgym.ch\/wp-content\/uploads\/2023\/09\/banderole-1024x91.png 1024w, https:\/\/www.infitgym.ch\/wp-content\/uploads\/2023\/09\/banderole-300x27.png 300w, https:\/\/www.infitgym.ch\/wp-content\/uploads\/2023\/09\/banderole-768x68.png 768w, https:\/\/www.infitgym.ch\/wp-content\/uploads\/2023\/09\/banderole-1536x137.png 1536w, https:\/\/www.infitgym.ch\/wp-content\/uploads\/2023\/09\/banderole.png 1910w\" sizes=\"(max-width: 1024px) 100vw, 1024px\" \/><\/figure>\n<\/div>\n\n\n<div style=\"height:20px\" aria-hidden=\"true\" class=\"wp-block-spacer\"><\/div>\n\n\n\n<iframe src=\"https:\/\/www.google.com\/maps\/embed?pb=!1m14!1m8!1m3!1d171.57944504570284!2d6.565485!3d46.5225366!3m2!1i1024!2i768!4f13.1!3m3!1m2!1s0x478c31025b7d55eb%3A0x568551942ddcbcc2!2sInFit%20-%20Gym%20%26%20Fitness%20EPFL!5e0!3m2!1sfr!2sma!4v1695937402143!5m2!1sfr!2sma\" width=\"100%\" height=\"85%\" style=\"border:0;\" allowfullscreen=\"\" loading=\"lazy\" referrerpolicy=\"no-referrer-when-downgrade\"><\/iframe>\n<\/div>\n<\/div>\n","protected":false},"excerpt":{"rendered":"<p>Bienvenue au centre du SwissTech Village le c\u0153ur du campus de l\u2019EPFL, l\u2019une des plus prestigieuses universit\u00e9s technologiques du monde. InFit vous propose un propose de plus de 700m2 dernier tout confort et dernier cri. Des vestiaires individuels, une zone cardio connect\u00e9e, 4 salles de cours individuels \u00e0 la demande, des machines de musculation guid\u00e9es&hellip; <br \/> <a class=\"button small blue\" href=\"https:\/\/www.infitgym.ch\/index.php\/le-club-infit-epfl\/\">Read more<\/a><\/p>\n","protected":false},"author":1,"featured_media":0,"parent":0,"menu_order":0,"comment_status":"closed","ping_status":"closed","template":"","meta":{"footnotes":""},"class_list":["post-25","page","type-page","status-publish","hentry"],"_links":{"self":[{"href":"https:\/\/www.infitgym.ch\/index.php\/wp-json\/wp\/v2\/pages\/25","targetHints":{"allow":["GET"]}}],"collection":[{"href":"https:\/\/www.infitgym.ch\/index.php\/wp-json\/wp\/v2\/pages"}],"about":[{"href":"https:\/\/www.infitgym.ch\/index.php\/wp-json\/wp\/v2\/types\/page"}],"author":[{"embeddable":true,"href":"https:\/\/www.infitgym.ch\/index.php\/wp-json\/wp\/v2\/users\/1"}],"replies":[{"embeddable":true,"href":"https:\/\/www.infitgym.ch\/index.php\/wp-json\/wp\/v2\/comments?post=25"}],"version-history":[{"count":18,"href":"https:\/\/www.infitgym.ch\/index.php\/wp-json\/wp\/v2\/pages\/25\/revisions"}],"predecessor-version":[{"id":184,"href":"https:\/\/www.infitgym.ch\/index.php\/wp-json\/wp\/v2\/pages\/25\/revisions\/184"}],"wp:attachment":[{"href":"https:\/\/www.infitgym.ch\/index.php\/wp-json\/wp\/v2\/media?parent=25"}],"curies":[{"name":"wp","href":"https:\/\/api.w.org\/{rel}","templated":true}]}}